{"id":85,"date":"2022-04-21T23:05:46","date_gmt":"2022-04-21T21:05:46","guid":{"rendered":"http:\/\/141.148.232.146\/?page_id=85"},"modified":"2022-04-21T23:05:46","modified_gmt":"2022-04-21T21:05:46","slug":"vita-di-comunita","status":"publish","type":"page","link":"http:\/\/141.148.232.146\/?page_id=85","title":{"rendered":"Vita di Comunit\u00e0"},"content":{"rendered":"\n<p>Questa pagina raccoglie le informazioni sulle attivit\u00e0 e sulla prima definizione delle pagine sottostanti.<\/p>\n","protected":false},"excerpt":{"rendered":"<p>Questa pagina raccoglie le informazioni sulle attivit\u00e0 e sulla prima definizione delle pagine sottostanti.<\/p>\n","protected":false},"author":1,"featured_media":0,"parent":0,"menu_order":0,"comment_status":"closed","ping_status":"closed","template":"","meta":{"footnotes":""},"class_list":["post-85","page","type-page","status-publish","hentry"],"yoast_head":"<!-- This site is optimized with the Yoast SEO plugin v20.6 - https:\/\/yoast.com\/wordpress\/plugins\/seo\/ -->\n<title>Vita di Comunit\u00e0 - Comunit\u00e0 Pastorale &quot;San Carlo Borromeo&quot;<\/title>\n<meta name=\"robots\" content=\"index, follow, max-snippet:-1, max-image-preview:large, max-video-preview:-1\" \/>\n<link rel=\"canonical\" href=\"http:\/\/141.148.232.146\/?page_id=85\" \/>\n<meta property=\"og:locale\" content=\"it_IT\" \/>\n<meta property=\"og:type\" content=\"article\" \/>\n<meta property=\"og:title\" content=\"Vita di Comunit\u00e0 - Comunit\u00e0 Pastorale &quot;San Carlo Borromeo&quot;\" \/>\n<meta property=\"og:description\" content=\"Questa pagina raccoglie le informazioni sulle attivit\u00e0 e sulla prima definizione delle pagine sottostanti.\" \/>\n<meta property=\"og:url\" content=\"http:\/\/141.148.232.146\/?page_id=85\" \/>\n<meta property=\"og:site_name\" content=\"Comunit\u00e0 Pastorale &quot;San Carlo Borromeo&quot;\" \/>\n<meta name=\"twitter:card\" content=\"summary_large_image\" \/>\n<script type=\"application\/ld+json\" class=\"yoast-schema-graph\">{\"@context\":\"https:\/\/schema.org\",\"@graph\":[{\"@type\":\"WebPage\",\"@id\":\"http:\/\/141.148.232.146\/?page_id=85\",\"url\":\"http:\/\/141.148.232.146\/?page_id=85\",\"name\":\"Vita di Comunit\u00e0 - Comunit\u00e0 Pastorale &quot;San Carlo Borromeo&quot;\",\"isPartOf\":{\"@id\":\"http:\/\/141.148.232.146\/#website\"},\"datePublished\":\"2022-04-21T21:05:46+00:00\",\"dateModified\":\"2022-04-21T21:05:46+00:00\",\"breadcrumb\":{\"@id\":\"http:\/\/141.148.232.146\/?page_id=85#breadcrumb\"},\"inLanguage\":\"it-IT\",\"potentialAction\":[{\"@type\":\"ReadAction\",\"target\":[\"http:\/\/141.148.232.146\/?page_id=85\"]}]},{\"@type\":\"BreadcrumbList\",\"@id\":\"http:\/\/141.148.232.146\/?page_id=85#breadcrumb\",\"itemListElement\":[{\"@type\":\"ListItem\",\"position\":1,\"name\":\"Home\",\"item\":\"http:\/\/141.148.232.146\/\"},{\"@type\":\"ListItem\",\"position\":2,\"name\":\"Vita di Comunit\u00e0\"}]},{\"@type\":\"WebSite\",\"@id\":\"http:\/\/141.148.232.146\/#website\",\"url\":\"http:\/\/141.148.232.146\/\",\"name\":\"Comunit\u00e0 Pastorale &quot;San Carlo Borromeo&quot;\",\"description\":\"\",\"potentialAction\":[{\"@type\":\"SearchAction\",\"target\":{\"@type\":\"EntryPoint\",\"urlTemplate\":\"http:\/\/141.148.232.146\/?s={search_term_string}\"},\"query-input\":\"required name=search_term_string\"}],\"inLanguage\":\"it-IT\"}]}<\/script>\n<!-- \/ Yoast SEO plugin. -->","yoast_head_json":{"title":"Vita di Comunit\u00e0 - Comunit\u00e0 Pastorale &quot;San Carlo Borromeo&quot;","robots":{"index":"index","follow":"follow","max-snippet":"max-snippet:-1","max-image-preview":"max-image-preview:large","max-video-preview":"max-video-preview:-1"},"canonical":"http:\/\/141.148.232.146\/?page_id=85","og_locale":"it_IT","og_type":"article","og_title":"Vita di Comunit\u00e0 - Comunit\u00e0 Pastorale &quot;San Carlo Borromeo&quot;","og_description":"Questa pagina raccoglie le informazioni sulle attivit\u00e0 e sulla prima definizione delle pagine sottostanti.","og_url":"http:\/\/141.148.232.146\/?page_id=85","og_site_name":"Comunit\u00e0 Pastorale &quot;San Carlo Borromeo&quot;","twitter_card":"summary_large_image","schema":{"@context":"https:\/\/schema.org","@graph":[{"@type":"WebPage","@id":"http:\/\/141.148.232.146\/?page_id=85","url":"http:\/\/141.148.232.146\/?page_id=85","name":"Vita di Comunit\u00e0 - Comunit\u00e0 Pastorale &quot;San Carlo Borromeo&quot;","isPartOf":{"@id":"http:\/\/141.148.232.146\/#website"},"datePublished":"2022-04-21T21:05:46+00:00","dateModified":"2022-04-21T21:05:46+00:00","breadcrumb":{"@id":"http:\/\/141.148.232.146\/?page_id=85#breadcrumb"},"inLanguage":"it-IT","potentialAction":[{"@type":"ReadAction","target":["http:\/\/141.148.232.146\/?page_id=85"]}]},{"@type":"BreadcrumbList","@id":"http:\/\/141.148.232.146\/?page_id=85#breadcrumb","itemListElement":[{"@type":"ListItem","position":1,"name":"Home","item":"http:\/\/141.148.232.146\/"},{"@type":"ListItem","position":2,"name":"Vita di Comunit\u00e0"}]},{"@type":"WebSite","@id":"http:\/\/141.148.232.146\/#website","url":"http:\/\/141.148.232.146\/","name":"Comunit\u00e0 Pastorale &quot;San Carlo Borromeo&quot;","description":"","potentialAction":[{"@type":"SearchAction","target":{"@type":"EntryPoint","urlTemplate":"http:\/\/141.148.232.146\/?s={search_term_string}"},"query-input":"required name=search_term_string"}],"inLanguage":"it-IT"}]}},"_links":{"self":[{"href":"http:\/\/141.148.232.146\/index.php?rest_route=\/wp\/v2\/pages\/85","targetHints":{"allow":["GET"]}}],"collection":[{"href":"http:\/\/141.148.232.146\/index.php?rest_route=\/wp\/v2\/pages"}],"about":[{"href":"http:\/\/141.148.232.146\/index.php?rest_route=\/wp\/v2\/types\/page"}],"author":[{"embeddable":true,"href":"http:\/\/141.148.232.146\/index.php?rest_route=\/wp\/v2\/users\/1"}],"replies":[{"embeddable":true,"href":"http:\/\/141.148.232.146\/index.php?rest_route=%2Fwp%2Fv2%2Fcomments&post=85"}],"version-history":[{"count":1,"href":"http:\/\/141.148.232.146\/index.php?rest_route=\/wp\/v2\/pages\/85\/revisions"}],"predecessor-version":[{"id":86,"href":"http:\/\/141.148.232.146\/index.php?rest_route=\/wp\/v2\/pages\/85\/revisions\/86"}],"wp:attachment":[{"href":"http:\/\/141.148.232.146\/index.php?rest_route=%2Fwp%2Fv2%2Fmedia&parent=85"}],"curies":[{"name":"wp","href":"https:\/\/api.w.org\/{rel}","templated":true}]}}